{"id":98,"date":"2022-02-11T19:15:06","date_gmt":"2022-02-11T19:15:06","guid":{"rendered":"http:\/\/www.deleyslp.com\/?page_id=98"},"modified":"2022-02-15T18:31:31","modified_gmt":"2022-02-15T18:31:31","slug":"servicios","status":"publish","type":"page","link":"https:\/\/www.deleyslp.com\/?page_id=98","title":{"rendered":"Servicios"},"content":{"rendered":"<p>[et_pb_section fb_built=&#8221;1&#8243; fullwidth=&#8221;on&#8221; _builder_version=&#8221;4.13.1&#8243; bottom_divider_style=&#8221;slant&#8221; bottom_divider_color=&#8221;#FFFFFF&#8221; bottom_divider_flip=&#8221;horizontal&#8221; animation_direction=&#8221;top&#8221; global_colors_info=&#8221;{}&#8221;][et_pb_fullwidth_header title=&#8221;Nuestros Servicios Jur\u00eddicos&#8221; text_orientation=&#8221;center&#8221; background_overlay_color=&#8221;rgba(52,81,104,0.8)&#8221; _builder_version=&#8221;4.13.1&#8243; title_font=&#8221;Lato|700|||||||&#8221; title_font_size=&#8221;46px&#8221; title_line_height=&#8221;1.5em&#8221; content_font=&#8221;Lato||||||||&#8221; content_font_size=&#8221;20px&#8221; content_line_height=&#8221;1.8em&#8221; subhead_font=&#8221;Lato|700|||||||&#8221; subhead_font_size=&#8221;25px&#8221; subhead_line_height=&#8221;1.5em&#8221; background_color=&#8221;#afafaf&#8221; background_image=&#8221;https:\/\/www.deleyslp.com\/wp-content\/uploads\/2022\/02\/QuienesSomosFondo2.png&#8221; custom_margin=&#8221;|||&#8221; custom_padding=&#8221;5vw||150px||false&#8221; animation_style=&#8221;slide&#8221; animation_direction=&#8221;top&#8221; animation_intensity_slide=&#8221;2%&#8221; title_font_size_tablet=&#8221;36px&#8221; title_font_size_phone=&#8221;&#8221; title_font_size_last_edited=&#8221;on|phone&#8221; global_colors_info=&#8221;{}&#8221; button_one_text_size__hover_enabled=&#8221;off&#8221; button_two_text_size__hover_enabled=&#8221;off&#8221; button_one_text_color__hover_enabled=&#8221;off&#8221; button_two_text_color__hover_enabled=&#8221;off&#8221; button_one_border_width__hover_enabled=&#8221;off&#8221; button_two_border_width__hover_enabled=&#8221;off&#8221; button_one_border_color__hover_enabled=&#8221;off&#8221; button_two_border_color__hover_enabled=&#8221;off&#8221; button_one_border_radius__hover_enabled=&#8221;off&#8221; button_two_border_radius__hover_enabled=&#8221;off&#8221; button_one_letter_spacing__hover_enabled=&#8221;off&#8221; button_two_letter_spacing__hover_enabled=&#8221;off&#8221; button_one_bg_color__hover_enabled=&#8221;off&#8221; button_two_bg_color__hover_enabled=&#8221;off&#8221;]<\/p>\n<p>Servicios de calidad a particulares y empresas<\/p>\n<p>[\/et_pb_fullwidth_header][\/et_pb_section][et_pb_section fb_built=&#8221;1&#8243; next_background_color=&#8221;#000000&#8243; admin_label=&#8221;Who Is Coaching For?&#8221; _builder_version=&#8221;4.13.1&#8243; background_enable_color=&#8221;off&#8221; background_color_gradient_start=&#8221;#345168&#8243; background_color_gradient_end=&#8221;rgba(219,219,219,0)&#8221; background_enable_image=&#8221;off&#8221; custom_padding=&#8221;52px||159px||false|false&#8221; top_divider_color=&#8221;#edf000&#8243; top_divider_flip=&#8221;horizontal&#8221; bottom_divider_style=&#8221;slant&#8221; bottom_divider_flip=&#8221;horizontal&#8221; hover_enabled=&#8221;0&#8243; locked=&#8221;off&#8221; global_colors_info=&#8221;{}&#8221; sticky_enabled=&#8221;0&#8243;][et_pb_row column_structure=&#8221;1_2,1_2&#8243; _builder_version=&#8221;3.25&#8243; use_custom_width=&#8221;on&#8221; locked=&#8221;off&#8221; global_colors_info=&#8221;{}&#8221;][et_pb_column type=&#8221;1_2&#8243; _builder_version=&#8221;3.25&#8243; custom_padding=&#8221;|||&#8221; global_colors_info=&#8221;{}&#8221; custom_padding__hover=&#8221;|||&#8221;][et_pb_text admin_label=&#8221;Text&#8221; _builder_version=&#8221;4.13.1&#8243; text_font=&#8221;Lato||||||||&#8221; text_text_color=&#8221;#000000&#8243; text_font_size=&#8221;18px&#8221; text_line_height=&#8221;1.8em&#8221; link_font=&#8221;||||||||&#8221; ul_font=&#8221;||||||||&#8221; ol_font=&#8221;||||||||&#8221; quote_font=&#8221;||||||||&#8221; header_font=&#8221;||||||||&#8221; header_2_font=&#8221;Lato|700|||||||&#8221; header_2_font_size=&#8221;40px&#8221; header_2_letter_spacing=&#8221;1px&#8221; header_2_line_height=&#8221;1.5em&#8221; header_3_font=&#8221;||||||||&#8221; header_4_font=&#8221;||||||||&#8221; header_5_font=&#8221;||||||||&#8221; header_6_font=&#8221;Lato|700|||||||&#8221; header_6_font_size=&#8221;18px&#8221; header_6_letter_spacing=&#8221;1px&#8221; header_6_line_height=&#8221;1.8em&#8221; text_orientation=&#8221;right&#8221; background_layout=&#8221;dark&#8221; header_2_font_size_tablet=&#8221;&#8221; header_2_font_size_phone=&#8221;22px&#8221; header_2_font_size_last_edited=&#8221;on|phone&#8221; global_colors_info=&#8221;{}&#8221;]<\/p>\n<h2><span style=\"color: #000000;\">Somos un Despacho innovador, con el Cliente en el centro de nuestra Estrategia<\/span><\/h2>\n<p>Nuestros clientes son particulares y empresas que necesitan un asesoramiento cercano y completamente adaptado a sus necesidades. Nos aseguramos de cumplir esta premisa ofreciendo un servicio eficaz, que nos ha permitido adquirir una experiencia s\u00f3lida indispensable.<\/p>\n<p>[\/et_pb_text][\/et_pb_column][et_pb_column type=&#8221;1_2&#8243; _builder_version=&#8221;3.25&#8243; custom_padding=&#8221;|||&#8221; global_colors_info=&#8221;{}&#8221; custom_padding__hover=&#8221;|||&#8221;][et_pb_toggle title=&#8221;Servicios de calidad y m\u00e1xima transparencia.&#8221; open_toggle_background_color=&#8221;#ccd8e5&#8243; closed_toggle_background_color=&#8221;#ccd8e5&#8243; icon_color=&#8221;#345168&#8243; open_icon_color=&#8221;#345168&#8243; _builder_version=&#8221;4.13.0&#8243; title_font=&#8221;Lato|700|||||||&#8221; title_line_height=&#8221;1.5em&#8221; body_font=&#8221;||||||||&#8221; body_font_size=&#8221;16px&#8221; body_line_height=&#8221;2em&#8221; custom_margin=&#8221;||0px|&#8221; animation_style=&#8221;slide&#8221; animation_direction=&#8221;top&#8221; animation_intensity_slide=&#8221;10%&#8221; border_width_all=&#8221;0px&#8221; global_colors_info=&#8221;{}&#8221;]<\/p>\n<p><span>Prestamos servicios de calidad a empresas y particulares con absoluta transparencia en nuestro trabajo e informando puntualmente de la evoluci\u00f3n de los asuntos desde la interposici\u00f3n de la demanda en el juzgado hasta la conclusi\u00f3n del juicio o evoluci\u00f3n de la negociaci\u00f3n hasta la conclusi\u00f3n del acuerdo<\/span>.<\/p>\n<p>[\/et_pb_toggle][et_pb_toggle title=&#8221;Trabajamos con las m\u00e1s modernas tecnolog\u00edas.&#8221; open_toggle_background_color=&#8221;#dae1ed&#8221; closed_toggle_background_color=&#8221;#dae1ed&#8221; icon_color=&#8221;#345168&#8243; open_icon_color=&#8221;#345168&#8243; _builder_version=&#8221;4.13.0&#8243; title_font=&#8221;Lato|700|||||||&#8221; title_line_height=&#8221;1.5em&#8221; body_font=&#8221;||||||||&#8221; body_font_size=&#8221;16px&#8221; body_line_height=&#8221;2em&#8221; custom_margin=&#8221;||0px|&#8221; animation_style=&#8221;slide&#8221; animation_direction=&#8221;top&#8221; animation_intensity_slide=&#8221;10%&#8221; border_width_all=&#8221;0px&#8221; global_colors_info=&#8221;{}&#8221;]<\/p>\n<p><span>Todos nuestros abogados trabajan con las m\u00e1s modernas tecnolog\u00edas dispuestos a prestar los servicios de m\u00e1s alta calidad desde Madrid y desde Almer\u00eda<\/span>.<\/p>\n<p>[\/et_pb_toggle][et_pb_toggle title=&#8221;Nuestra experiencia nos permite dar los mejores consejos.&#8221; open_toggle_background_color=&#8221;#e3e9ef&#8221; closed_toggle_background_color=&#8221;#e3e9ef&#8221; icon_color=&#8221;#345168&#8243; open_icon_color=&#8221;#345168&#8243; _builder_version=&#8221;4.13.0&#8243; title_font=&#8221;Lato|700|||||||&#8221; title_line_height=&#8221;1.5em&#8221; body_font=&#8221;||||||||&#8221; body_font_size=&#8221;16px&#8221; body_line_height=&#8221;2em&#8221; custom_margin=&#8221;||0px|&#8221; animation_style=&#8221;slide&#8221; animation_direction=&#8221;top&#8221; animation_intensity_slide=&#8221;10%&#8221; border_width_all=&#8221;0px&#8221; global_colors_info=&#8221;{}&#8221;]<\/p>\n<p><span>Nuestra experiencia nos permite dar consejos \u00fatiles en momentos dif\u00edciles tratando de alcanzar acuerdos y litigando en asuntos complejos. Los Abogados del despacho son expertos en negociaci\u00f3n, tratando de llegar al acuerdo m\u00e1s adecuado que evite el juicio<\/span>.<\/p>\n<p>[\/et_pb_toggle][et_pb_toggle title=&#8221;Somos expertos en derecho matrimonial.&#8221; open_toggle_background_color=&#8221;#edf0f7&#8243; closed_toggle_background_color=&#8221;#edf0f7&#8243; icon_color=&#8221;#345168&#8243; open_icon_color=&#8221;#345168&#8243; _builder_version=&#8221;4.13.0&#8243; title_font=&#8221;Lato|700|||||||&#8221; title_line_height=&#8221;1.5em&#8221; body_font=&#8221;||||||||&#8221; body_font_size=&#8221;16px&#8221; body_line_height=&#8221;2em&#8221; custom_margin=&#8221;||0px|&#8221; animation_style=&#8221;slide&#8221; animation_direction=&#8221;top&#8221; animation_intensity_slide=&#8221;10%&#8221; border_width_all=&#8221;0px&#8221; global_colors_info=&#8221;{}&#8221;]<\/p>\n<p><span>Yolanda Espinosa es experta en derecho matrimonial y dirige este departamento con absoluta profesionalidad en este campo, gestionando separaciones matrimoniales y divorcios con absoluta eficacia<\/span>.<\/p>\n<p>[\/et_pb_toggle][et_pb_toggle title=&#8221;Disponemos de servicios para grandes empresas.&#8221; open_toggle_background_color=&#8221;#f4f7fc&#8221; closed_toggle_background_color=&#8221;#f4f7fc&#8221; icon_color=&#8221;#345168&#8243; open_icon_color=&#8221;#345168&#8243; _builder_version=&#8221;4.13.1&#8243; title_font=&#8221;Lato|700|||||||&#8221; title_line_height=&#8221;1.5em&#8221; body_font=&#8221;||||||||&#8221; body_font_size=&#8221;16px&#8221; body_line_height=&#8221;2em&#8221; custom_margin=&#8221;||0px|&#8221; animation_style=&#8221;slide&#8221; animation_direction=&#8221;top&#8221; animation_intensity_slide=&#8221;10%&#8221; hover_enabled=&#8221;0&#8243; border_width_all=&#8221;0px&#8221; global_colors_info=&#8221;{}&#8221; sticky_enabled=&#8221;0&#8243;]<\/p>\n<p><span>Para grandes empresas disponemos de servicios de informes sobre tramitaci\u00f3n procesal que permiten controlar la evoluci\u00f3n de los asuntos en tiempo real. Nuestro departamento de inform\u00e1tica adaptar\u00e1 nuestros informes a sus requerimientos para que se ajusten a su medida<\/span>.<\/p>\n<p>[\/et_pb_toggle][\/et_pb_column][\/et_pb_row][\/et_pb_section]<\/p>\n","protected":false},"excerpt":{"rendered":"<p>Servicios de calidad a particulares y empresasSomos un Despacho innovador, con el Cliente en el centro de nuestra Estrategia Nuestros clientes son particulares y empresas que necesitan un asesoramiento cercano y completamente adaptado a sus necesidades. Nos aseguramos de cumplir esta premisa ofreciendo un servicio eficaz, que nos ha permitido adquirir una experiencia s\u00f3lida indispensable.Prestamos [&hellip;]<\/p>\n","protected":false},"author":1,"featured_media":0,"parent":0,"menu_order":0,"comment_status":"closed","ping_status":"closed","template":"","meta":{"_et_pb_use_builder":"on","_et_pb_old_content":"","_et_gb_content_width":"","footnotes":""},"class_list":["post-98","page","type-page","status-publish","hentry"],"_links":{"self":[{"href":"https:\/\/www.deleyslp.com\/index.php?rest_route=\/wp\/v2\/pages\/98","targetHints":{"allow":["GET"]}}],"collection":[{"href":"https:\/\/www.deleyslp.com\/index.php?rest_route=\/wp\/v2\/pages"}],"about":[{"href":"https:\/\/www.deleyslp.com\/index.php?rest_route=\/wp\/v2\/types\/page"}],"author":[{"embeddable":true,"href":"https:\/\/www.deleyslp.com\/index.php?rest_route=\/wp\/v2\/users\/1"}],"replies":[{"embeddable":true,"href":"https:\/\/www.deleyslp.com\/index.php?rest_route=%2Fwp%2Fv2%2Fcomments&post=98"}],"version-history":[{"count":11,"href":"https:\/\/www.deleyslp.com\/index.php?rest_route=\/wp\/v2\/pages\/98\/revisions"}],"predecessor-version":[{"id":117,"href":"https:\/\/www.deleyslp.com\/index.php?rest_route=\/wp\/v2\/pages\/98\/revisions\/117"}],"wp:attachment":[{"href":"https:\/\/www.deleyslp.com\/index.php?rest_route=%2Fwp%2Fv2%2Fmedia&parent=98"}],"curies":[{"name":"wp","href":"https:\/\/api.w.org\/{rel}","templated":true}]}}